{"id":2337,"date":"2017-07-24T14:31:55","date_gmt":"2017-07-24T13:31:55","guid":{"rendered":"http:\/\/vadesign.pt\/?page_id=2337"},"modified":"2021-10-19T21:14:59","modified_gmt":"2021-10-19T20:14:59","slug":"cartoes-pvc","status":"publish","type":"page","link":"https:\/\/vadesign.pt\/?page_id=2337","title":{"rendered":"Cart\u00f5es PVC"},"content":{"rendered":"<div class=\"wpb-content-wrapper\"><p>[vc_row bg_color=&#8221;&#8221;][vc_column width=&#8221;1\/1&#8243;]\n\t\t\t<!-- START Banner_Cart\u00f5es_PVC_2019 REVOLUTION SLIDER 6.7.38 --><p class=\"rs-p-wp-fix\"><\/p>\n\t\t\t<rs-module-wrap id=\"rev_slider_185_1_wrapper\" data-source=\"gallery\" style=\"visibility:hidden;background:transparent;padding:0;margin:0px auto;margin-top:0;margin-bottom:0;\">\n\t\t\t\t<rs-module id=\"rev_slider_185_1\" style=\"\" data-version=\"6.7.38\">\n\t\t\t\t\t<rs-slides style=\"overflow: hidden; position: absolute;\">\n\t\t\t\t\t\t<rs-slide style=\"position: absolute;\" data-key=\"rs-488\" data-title=\"Intro\" data-anim=\"ms:1800;r:0;\" data-in=\"o:0;\" data-out=\"a:false;\">\n\t\t\t\t\t\t\t<img decoding=\"async\" src=\"\/\/vadesign.pt\/wp-content\/plugins\/revslider\/sr6\/assets\/assets\/dummy.png\" alt=\"Intro\" title=\"Cart\u00f5es PVC\" class=\"rev-slidebg tp-rs-img rs-lazyload\" data-lazyload=\"\/\/vadesign.pt\/wp-content\/plugins\/revslider\/sr6\/assets\/assets\/transparent.png\" data-parallax=\"5\" data-no-retina>\n<!--\n\t\t\t\t\t\t\t--><rs-layer\n\t\t\t\t\t\t\t\tid=\"slider-185-slide-488-layer-1\" \n\t\t\t\t\t\t\t\tclass=\"rs-pxl-1\"\n\t\t\t\t\t\t\t\tdata-type=\"image\"\n\t\t\t\t\t\t\t\tdata-rsp_ch=\"on\"\n\t\t\t\t\t\t\t\tdata-xy=\"x:r,r,c,c;xo:-194px,-40px,-4px,0;y:m,m,m,b;yo:-40px,-57px,-83px,241px;\"\n\t\t\t\t\t\t\t\tdata-text=\"l:22;\"\n\t\t\t\t\t\t\t\tdata-dim=\"w:1000px,758px,598px,500px;h:600px,455px,359px,300px;\"\n\t\t\t\t\t\t\t\tdata-frame_0=\"o:1;tp:600;\"\n\t\t\t\t\t\t\t\tdata-frame_1=\"tp:600;e:power3.out;st:2500;sp:1500;sR:2500;\"\n\t\t\t\t\t\t\t\tdata-frame_999=\"o:0;tp:600;e:power4.in;st:w;sp:1500;sR:5000;\"\n\t\t\t\t\t\t\t\tstyle=\"z-index:5;\"\n\t\t\t\t\t\t\t><img decoding=\"async\" src=\"\/\/vadesign.pt\/wp-content\/plugins\/revslider\/sr6\/assets\/assets\/dummy.png\" alt=\"\" class=\"tp-rs-img rs-lazyload\" width=\"1000\" height=\"600\" data-lazyload=\"\/\/vadesign.pt\/wp-content\/uploads\/macbookpro.png\" data-no-retina> \n\t\t\t\t\t\t\t<\/rs-layer><!--\n\n\t\t\t\t\t\t\t--><rs-layer\n\t\t\t\t\t\t\t\tid=\"slider-185-slide-488-layer-7\" \n\t\t\t\t\t\t\t\tclass=\"WebProduct-Title rs-pxl-tobggroup\"\n\t\t\t\t\t\t\t\tdata-type=\"text\"\n\t\t\t\t\t\t\t\tdata-color=\"rgba(51, 51, 51, 1)\"\n\t\t\t\t\t\t\t\tdata-rsp_ch=\"on\"\n\t\t\t\t\t\t\t\tdata-xy=\"xo:30px,74px,145px,45px;y:m,m,t,t;yo:-260px,-302px,30px,18px;\"\n\t\t\t\t\t\t\t\tdata-text=\"s:50,55,50,45;l:60,55,50,40;fw:100;\"\n\t\t\t\t\t\t\t\tdata-frame_0=\"x:-50px;tp:600;\"\n\t\t\t\t\t\t\t\tdata-frame_1=\"tp:600;e:power2.out;st:1000;sp:1000;sR:1000;\"\n\t\t\t\t\t\t\t\tdata-frame_999=\"o:0;tp:600;e:power4.in;st:w;sp:1500;sR:7000;\"\n\t\t\t\t\t\t\t\tstyle=\"z-index:7;font-family:'Raleway';\"\n\t\t\t\t\t\t\t>Impress\u00f5es<\/br> em cart\u00f5es de PVC \n\t\t\t\t\t\t\t<\/rs-layer><!--\n\n\t\t\t\t\t\t\t--><rs-layer\n\t\t\t\t\t\t\t\tid=\"slider-185-slide-488-layer-9\" \n\t\t\t\t\t\t\t\tclass=\"WebProduct-Content rs-pxl-tobggroup\"\n\t\t\t\t\t\t\t\tdata-type=\"text\"\n\t\t\t\t\t\t\t\tdata-color=\"#ba962c\"\n\t\t\t\t\t\t\t\tdata-rsp_ch=\"on\"\n\t\t\t\t\t\t\t\tdata-xy=\"xo:30px,80px,151px,43px;y:m,m,t,t;yo:-121px,-171px,140px,108px;\"\n\t\t\t\t\t\t\t\tdata-text=\"w:normal;s:16,16,16,14;l:24,24,20,22;\"\n\t\t\t\t\t\t\t\tdata-dim=\"w:483px,435px,447px,394px;h:121px,121px,auto,91px;\"\n\t\t\t\t\t\t\t\tdata-frame_0=\"x:-50px;tp:600;\"\n\t\t\t\t\t\t\t\tdata-frame_1=\"tp:600;e:power2.out;st:1500;sp:1000;sR:1500;\"\n\t\t\t\t\t\t\t\tdata-frame_999=\"o:0;tp:600;e:power4.in;st:w;sp:1500;sR:6500;\"\n\t\t\t\t\t\t\t\tstyle=\"z-index:8;font-family:'Poppins';\"\n\t\t\t\t\t\t\t>Temos in\u00fameras solu\u00e7\u00f5es para impress\u00f5es de cart\u00f5es em PVC, com verniz localizado e relevo, temos in\u00fameras cores, inclusive metalizadas e transparentes. \n\t\t\t\t\t\t\t<\/rs-layer><!--\n\n\t\t\t\t\t\t\t--><rs-layer\n\t\t\t\t\t\t\t\tid=\"slider-185-slide-488-layer-11\" \n\t\t\t\t\t\t\t\tclass=\"rs-pxl-1 rs-layer-video intrinsic-ignore\"\n\t\t\t\t\t\t\t\tdata-type=\"video\"\n\t\t\t\t\t\t\t\tdata-rsp_ch=\"on\"\n\t\t\t\t\t\t\t\tdata-xy=\"xo:769px,654px,192px,78px;yo:77px,162px,267px,218px;\"\n\t\t\t\t\t\t\t\tdata-text=\"l:22;\"\n\t\t\t\t\t\t\t\tdata-dim=\"w:653px,493px,388px,325px;h:408px,307px,244px,212px;\"\n\t\t\t\t\t\t\t\tdata-video=\"vfc:true;twa:false;vd:100;rwd:f;l:false;ptimer:false;nse:f;sav:f;inl:f;\"\n\t\t\t\t\t\t\t\tdata-poster=\"\/\/vadesign.pt\/wp-content\/uploads\/PVC-transparencia.png\"\n\t\t\t\t\t\t\t\tdata-mp4=\"\/\/vadesign.pt\/wp-content\/uploads\/PVC-transparencia.mp4\"\n\t\t\t\t\t\t\t\tdata-frame_0=\"sX:2;sY:2;tp:600;\"\n\t\t\t\t\t\t\t\tdata-frame_0_mask=\"u:t;\"\n\t\t\t\t\t\t\t\tdata-frame_1=\"tp:600;e:power3.out;st:3350;sp:1500;sR:3350;\"\n\t\t\t\t\t\t\t\tdata-frame_1_mask=\"u:t;\"\n\t\t\t\t\t\t\t\tdata-frame_999=\"o:0;tp:600;e:power4.in;st:w;sp:1500;sR:4150;\"\n\t\t\t\t\t\t\t\tstyle=\"z-index:6;\"\n\t\t\t\t\t\t\t>\n\t\t\t\t\t\t\t<\/rs-layer><!--\n\n\t\t\t\t\t\t\t--><rs-layer\n\t\t\t\t\t\t\t\tid=\"slider-185-slide-488-layer-19\" \n\t\t\t\t\t\t\t\tclass=\"rs-pxl-1\"\n\t\t\t\t\t\t\t\tdata-type=\"image\"\n\t\t\t\t\t\t\t\tdata-rsp_ch=\"on\"\n\t\t\t\t\t\t\t\tdata-xy=\"xo:1051px,847px,315px,191px;yo:532px,573px,541px,453px;\"\n\t\t\t\t\t\t\t\tdata-text=\"l:22;a:inherit;\"\n\t\t\t\t\t\t\t\tdata-dim=\"w:301px,188px,165px,117px;h:82px,51,45px,32px;\"\n\t\t\t\t\t\t\t\tdata-frame_0=\"o:1;tp:600;\"\n\t\t\t\t\t\t\t\tdata-frame_1=\"tp:600;e:power3.out;st:2750;sp:1500;sR:2750;\"\n\t\t\t\t\t\t\t\tdata-frame_999=\"o:0;tp:600;e:power4.in;st:w;sp:1500;sR:4750;\"\n\t\t\t\t\t\t\t\tstyle=\"z-index:9;\"\n\t\t\t\t\t\t\t><img decoding=\"async\" src=\"\/\/vadesign.pt\/wp-content\/plugins\/revslider\/sr6\/assets\/assets\/dummy.png\" alt=\"\" class=\"tp-rs-img rs-lazyload\" width=\"963\" height=\"263\" data-lazyload=\"\/\/vadesign.pt\/wp-content\/uploads\/mouse.png\" data-no-retina> \n\t\t\t\t\t\t\t<\/rs-layer><!--\n\n\t\t\t\t\t\t\t--><rs-layer\n\t\t\t\t\t\t\t\tid=\"slider-185-slide-488-layer-21\" \n\t\t\t\t\t\t\t\tclass=\"rs-pxl-1\"\n\t\t\t\t\t\t\t\tdata-type=\"image\"\n\t\t\t\t\t\t\t\tdata-rsp_ch=\"on\"\n\t\t\t\t\t\t\t\tdata-xy=\"xo:-77px,37px,71px,30px;yo:431px,529px,733px,581px;\"\n\t\t\t\t\t\t\t\tdata-text=\"l:22;a:inherit;\"\n\t\t\t\t\t\t\t\tdata-dim=\"w:383px,349px,333px,238px;h:190px,173px,165px,118px;\"\n\t\t\t\t\t\t\t\tdata-frame_0=\"o:1;tp:600;\"\n\t\t\t\t\t\t\t\tdata-frame_1=\"tp:600;st:2750;sp:1500;sR:2750;\"\n\t\t\t\t\t\t\t\tdata-frame_999=\"o:0;tp:600;e:power2.in;st:w;sp:1500;sR:4750;\"\n\t\t\t\t\t\t\t\tstyle=\"z-index:11;\"\n\t\t\t\t\t\t\t><img decoding=\"async\" src=\"\/\/vadesign.pt\/wp-content\/plugins\/revslider\/sr6\/assets\/assets\/dummy.png\" alt=\"\" class=\"tp-rs-img rs-lazyload\" width=\"750\" height=\"372\" data-lazyload=\"\/\/vadesign.pt\/wp-content\/uploads\/cartoes-PVC-metalizados-e-transparentes-2.png\" data-no-retina> \n\t\t\t\t\t\t\t<\/rs-layer><!--\n\n\t\t\t\t\t\t\t--><rs-layer\n\t\t\t\t\t\t\t\tid=\"slider-185-slide-488-layer-22\" \n\t\t\t\t\t\t\t\tclass=\"rs-pxl-1\"\n\t\t\t\t\t\t\t\tdata-type=\"image\"\n\t\t\t\t\t\t\t\tdata-rsp_ch=\"on\"\n\t\t\t\t\t\t\t\tdata-xy=\"xo:148px,101px,336px,203px;yo:353px,347px,659px,520px;\"\n\t\t\t\t\t\t\t\tdata-text=\"l:22;a:inherit;\"\n\t\t\t\t\t\t\t\tdata-dim=\"w:360px,360px,339px,231px;h:206px,206px,194px,132px;\"\n\t\t\t\t\t\t\t\tdata-frame_0=\"o:1;tp:600;\"\n\t\t\t\t\t\t\t\tdata-frame_1=\"tp:600;st:2750;sp:1500;sR:2750;\"\n\t\t\t\t\t\t\t\tdata-frame_999=\"o:0;tp:600;e:power2.in;st:w;sp:1500;sR:4750;\"\n\t\t\t\t\t\t\t\tstyle=\"z-index:10;\"\n\t\t\t\t\t\t\t><img decoding=\"async\" src=\"\/\/vadesign.pt\/wp-content\/plugins\/revslider\/sr6\/assets\/assets\/dummy.png\" alt=\"\" class=\"tp-rs-img rs-lazyload\" width=\"750\" height=\"429\" data-lazyload=\"\/\/vadesign.pt\/wp-content\/uploads\/cartoes-PVC-metalizados-e-transparentes-3.png\" data-no-retina> \n\t\t\t\t\t\t\t<\/rs-layer><!--\n\n\t\t\t\t\t\t\t--><rs-layer\n\t\t\t\t\t\t\t\tid=\"slider-185-slide-488-layer-25\" \n\t\t\t\t\t\t\t\tclass=\"rs-pxl-1\"\n\t\t\t\t\t\t\t\tdata-type=\"image\"\n\t\t\t\t\t\t\t\tdata-rsp_ch=\"on\"\n\t\t\t\t\t\t\t\tdata-xy=\"xo:331px,345px,507px,287px;yo:274px,267px,584px,492px;\"\n\t\t\t\t\t\t\t\tdata-text=\"l:22;a:inherit;\"\n\t\t\t\t\t\t\t\tdata-dim=\"w:272px,272px,253px,181px;h:298px,298px,277px,198px;\"\n\t\t\t\t\t\t\t\tdata-frame_0=\"o:1;tp:600;\"\n\t\t\t\t\t\t\t\tdata-frame_1=\"tp:600;st:2750;sp:1500;sR:2750;\"\n\t\t\t\t\t\t\t\tdata-frame_999=\"o:0;tp:600;e:power2.in;st:w;sp:1500;sR:4750;\"\n\t\t\t\t\t\t\t\tstyle=\"z-index:12;\"\n\t\t\t\t\t\t\t><img decoding=\"async\" src=\"\/\/vadesign.pt\/wp-content\/plugins\/revslider\/sr6\/assets\/assets\/dummy.png\" alt=\"\" class=\"tp-rs-img rs-lazyload\" width=\"692\" height=\"755\" data-lazyload=\"\/\/vadesign.pt\/wp-content\/uploads\/cartoes-PVC-metalizados-e-transparentes.png\" data-no-retina> \n\t\t\t\t\t\t\t<\/rs-layer><!--\n-->\t\t\t\t\t<\/rs-slide>\n\t\t\t\t\t<\/rs-slides>\n\t\t\t\t\t<rs-static-layers class=\"rs-stl-visible\"><!--\n\n\t\t\t\t\t\t\t--><rs-layer\n\t\t\t\t\t\t\t\tid=\"slider-185-slide-124-layer-1\" \n\t\t\t\t\t\t\t\tclass=\"- rs-layer-static\"\n\t\t\t\t\t\t\t\tdata-type=\"text\"\n\t\t\t\t\t\t\t\tdata-color=\"rgba(255, 255, 255, 1)\"\n\t\t\t\t\t\t\t\tdata-xy=\"x:r;xo:30px;yo:30px;\"\n\t\t\t\t\t\t\t\tdata-text=\"l:22;\"\n\t\t\t\t\t\t\t\tdata-actions='o:click;a:toggleclass;layer:slider-185-slide-124-layer-1;d:0;class:open;||o:click;a:togglelayer;ls:hidden;layer:slider-185-slide-124-layer-3;d:0;||o:click;a:togglelayer;ls:hidden;layer:slider-185-slide-124-layer-4;d:0;||o:click;a:togglelayer;ls:hidden;layer:slider-185-slide-124-layer-5;d:0;||o:click;a:togglelayer;ls:hidden;layer:slider-185-slide-124-layer-6;d:0;'\n\t\t\t\t\t\t\t\tdata-basealign=\"slide\"\n\t\t\t\t\t\t\t\tdata-rsp_o=\"off\"\n\t\t\t\t\t\t\t\tdata-rsp_bd=\"off\"\n\t\t\t\t\t\t\t\tdata-onslides=\"s:-1;e:-1;\"\n\t\t\t\t\t\t\t\tdata-frame_0=\"tp:600;\"\n\t\t\t\t\t\t\t\tdata-frame_1=\"tp:600;st:500;sp:1000;sR:500;\"\n\t\t\t\t\t\t\t\tdata-frame_999=\"st:w;sp:1000;sR:7500;auto:true;\"\n\t\t\t\t\t\t\t\tstyle=\"z-index:21;font-family:'';\"\n\t\t\t\t\t\t\t><div id=\"rev-burger\">\n  <span><\/span>\n  <span><\/span>\n  <span><\/span>\n<\/div> \n\t\t\t\t\t\t\t<\/rs-layer><!--\n\t\t\t\t\t--><\/rs-static-layers>\n\t\t\t\t<\/rs-module>\n\t\t\t\t<script data-jetpack-boost=\"ignore\">\n\t\t\t\t\tsetREVStartSize({c: 'rev_slider_185_1',rl:[1240,1024,778,480],el:[668,768,960,720],gw:[1400,1240,778,480],gh:[668,768,960,720],type:'hero',justify:'',layout:'fullwidth',mh:\"0\"});if (window.RS_MODULES!==undefined && window.RS_MODULES.modules!==undefined && window.RS_MODULES.modules[\"revslider1851\"]!==undefined) {window.RS_MODULES.modules[\"revslider1851\"].once = false;window.revapi185 = undefined;if (window.RS_MODULES.checkMinimal!==undefined) window.RS_MODULES.checkMinimal()}\n\t\t\t\t<\/script>\n\t\t\t<\/rs-module-wrap>\n\t\t\t<!-- END REVOLUTION SLIDER -->\n<div class=\"ish-sc-element ish-sc_separator ish-color1 ish-separator-simple ish-separator-solid\"><\/div>[\/vc_column][\/vc_row][vc_row bg_color=&#8221;&#8221;][vc_column width=&#8221;1\/2&#8243;][vc_column_text]<img loading=\"lazy\" decoding=\"async\" class=\"alignnone size-medium wp-image-2343\" src=\"http:\/\/vadesign.pt\/wp-content\/uploads\/cartoes-pvc-ouro-230x300.png\" alt=\"\" width=\"230\" height=\"300\" srcset=\"https:\/\/vadesign.pt\/wp-content\/uploads\/cartoes-pvc-ouro-230x300.png 230w, https:\/\/vadesign.pt\/wp-content\/uploads\/cartoes-pvc-ouro-400x522.png 400w, https:\/\/vadesign.pt\/wp-content\/uploads\/cartoes-pvc-ouro-54x70.png 54w, https:\/\/vadesign.pt\/wp-content\/uploads\/cartoes-pvc-ouro-571x745.png 571w, https:\/\/vadesign.pt\/wp-content\/uploads\/cartoes-pvc-ouro-371x484.png 371w, https:\/\/vadesign.pt\/wp-content\/uploads\/cartoes-pvc-ouro-271x353.png 271w, https:\/\/vadesign.pt\/wp-content\/uploads\/cartoes-pvc-ouro.png 575w\" sizes=\"auto, (max-width: 230px) 100vw, 230px\" \/>[\/vc_column_text][vc_column_text]Vantagem do nosso sistema, podemos fazer pequenas quantidades, e personalizados, n\u00e3o obrigando o cliente a quantidades astron\u00f3micas, e com a possibilidade de uma maqueta f\u00edsica do produto final antes de avan\u00e7ar com a produ\u00e7\u00e3o.[\/vc_column_text][\/vc_column][vc_column width=&#8221;1\/2&#8243;]<h1 class=\"ish-sc-element ish-sc_headline\">Cart\u00f5es de luxo tipo multibanco<\/h1>[vc_column_text]Luxo, requinte, status, notoriedade, etc&#8230; Poder\u00edamos dar v\u00e1rios adjetivos, mas os cart\u00f5es em PVC, ou mais conhecido como cart\u00f5es tipo multibanco, com cores metalizadas, apresentam uma superf\u00edcie lisa necess\u00e1ria \u00e0s impressoras que n\u00e3o sejam as impressoras cl\u00e1ssicas do grande p\u00fablico, lasers ou a jacto de tinta, mas o nosso sistema, imprimimos directamente, e como temos a possibilidade de impress\u00e3o do &#8220;branco&#8221; abre um vasto leque de solu\u00e7\u00f5es, inclusiv\u00e9, impress\u00e3o em relevo com cores metalizadas, verniz localizado, e tamb\u00e9m estampamos as bordas com cores metalizadas.[\/vc_column_text][vc_column_text]<img loading=\"lazy\" decoding=\"async\" class=\"alignnone size-medium wp-image-2344\" src=\"http:\/\/vadesign.pt\/wp-content\/uploads\/cartoes-pvc-prata-230x300.png\" alt=\"\" width=\"230\" height=\"300\" srcset=\"https:\/\/vadesign.pt\/wp-content\/uploads\/cartoes-pvc-prata-230x300.png 230w, https:\/\/vadesign.pt\/wp-content\/uploads\/cartoes-pvc-prata-400x522.png 400w, https:\/\/vadesign.pt\/wp-content\/uploads\/cartoes-pvc-prata-54x70.png 54w, https:\/\/vadesign.pt\/wp-content\/uploads\/cartoes-pvc-prata-571x745.png 571w, https:\/\/vadesign.pt\/wp-content\/uploads\/cartoes-pvc-prata-371x484.png 371w, https:\/\/vadesign.pt\/wp-content\/uploads\/cartoes-pvc-prata-271x353.png 271w, https:\/\/vadesign.pt\/wp-content\/uploads\/cartoes-pvc-prata.png 575w\" sizes=\"auto, (max-width: 230px) 100vw, 230px\" \/>[\/vc_column_text][\/vc_column][\/vc_row][vc_row bg_color=&#8221;&#8221;][vc_column width=&#8221;1\/1&#8243;]<div class=\"ish-sc-element ish-sc_separator ish-color2 ish-separator-simple ish-separator-solid\"><\/div>[\/vc_column][\/vc_row][vc_row bg_color=&#8221;&#8221;][vc_column width=&#8221;1\/1&#8243;]<div class=\"ish-sc-element ish-sc_divider\"><\/div>[\/vc_column][\/vc_row]<\/p>\n<\/div>","protected":false},"excerpt":{"rendered":"<p>[vc_row bg_color=&#8221;&#8221;][vc_column width=&#8221;1\/1&#8243;][\/vc_column][\/vc_row][vc_row bg_color=&#8221;&#8221;][vc_column width=&#8221;1\/2&#8243;][vc_column_text][\/vc_column_text][vc_column_text]Vantagem do nosso sistema, podemos fazer pequenas quantidades, e personalizados, n\u00e3o obrigando o cliente a quantidades astron\u00f3micas, e com a possibilidade de uma maqueta f\u00edsica do produto final antes de avan\u00e7ar com a produ\u00e7\u00e3o.[\/vc_column_text][\/vc_column][vc_column width=&#8221;1\/2&#8243;][vc_column_text]Luxo, requinte, status, notoriedade, etc&#8230; Poder\u00edamos dar v\u00e1rios adjetivos, mas os cart\u00f5es em PVC, ou mais conhecido [&hellip;]<\/p>\n","protected":false},"author":1,"featured_media":-3,"parent":0,"menu_order":0,"comment_status":"closed","ping_status":"closed","template":"","meta":{"footnotes":""},"class_list":["post-2337","page","type-page","status-publish","has-post-thumbnail","hentry"],"_links":{"self":[{"href":"https:\/\/vadesign.pt\/index.php?rest_route=\/wp\/v2\/pages\/2337","targetHints":{"allow":["GET"]}}],"collection":[{"href":"https:\/\/vadesign.pt\/index.php?rest_route=\/wp\/v2\/pages"}],"about":[{"href":"https:\/\/vadesign.pt\/index.php?rest_route=\/wp\/v2\/types\/page"}],"author":[{"embeddable":true,"href":"https:\/\/vadesign.pt\/index.php?rest_route=\/wp\/v2\/users\/1"}],"replies":[{"embeddable":true,"href":"https:\/\/vadesign.pt\/index.php?rest_route=%2Fwp%2Fv2%2Fcomments&post=2337"}],"version-history":[{"count":15,"href":"https:\/\/vadesign.pt\/index.php?rest_route=\/wp\/v2\/pages\/2337\/revisions"}],"predecessor-version":[{"id":3812,"href":"https:\/\/vadesign.pt\/index.php?rest_route=\/wp\/v2\/pages\/2337\/revisions\/3812"}],"wp:featuredmedia":[{"embeddable":true,"href":"https:\/\/vadesign.pt\/index.php?rest_route=\/"}],"wp:attachment":[{"href":"https:\/\/vadesign.pt\/index.php?rest_route=%2Fwp%2Fv2%2Fmedia&parent=2337"}],"curies":[{"name":"wp","href":"https:\/\/api.w.org\/{rel}","templated":true}]}}